{"id":4569,"date":"2025-06-04T23:34:54","date_gmt":"2025-06-04T21:34:54","guid":{"rendered":"https:\/\/marlo-zermatt.ch\/mentions-legales\/"},"modified":"2025-06-07T22:21:13","modified_gmt":"2025-06-07T20:21:13","slug":"mentions-legales","status":"publish","type":"page","link":"https:\/\/marlo-zermatt.ch\/fr\/mentions-legales\/","title":{"rendered":"Mentions l\u00e9gales"},"content":{"rendered":"<div class=\"fusion-fullwidth fullwidth-box fusion-builder-row-1 fusion-flex-container has-pattern-background has-mask-background nonhundred-percent-fullwidth non-hundred-percent-height-scrolling\" style=\"--awb-border-radius-top-left:0px;--awb-border-radius-top-right:0px;--awb-border-radius-bottom-right:0px;--awb-border-radius-bottom-left:0px;--awb-flex-wrap:wrap;\" ><div class=\"fusion-builder-row fusion-row fusion-flex-align-items-flex-start fusion-flex-content-wrap\" style=\"max-width:1430px;margin-left: calc(-4% \/ 2 );margin-right: calc(-4% \/ 2 );\"><div class=\"fusion-layout-column fusion_builder_column fusion-builder-column-0 fusion_builder_column_1_2 1_2 fusion-flex-column\" style=\"--awb-bg-size:cover;--awb-width-large:50%;--awb-margin-top-large:0px;--awb-spacing-right-large:3.84%;--awb-margin-bottom-large:8%;--awb-spacing-left-large:3.84%;--awb-width-medium:100%;--awb-order-medium:0;--awb-spacing-right-medium:1.92%;--awb-spacing-left-medium:1.92%;--awb-width-small:100%;--awb-order-small:0;--awb-spacing-right-small:1.92%;--awb-spacing-left-small:1.92%;\"><div class=\"fusion-column-wrapper fusion-column-has-shadow fusion-flex-justify-content-flex-start fusion-content-layout-column\"><div class=\"fusion-text fusion-text-1\"><p data-start=\"124\" data-end=\"249\"><strong data-start=\"124\" data-end=\"169\">Marl\u00f2 Ristorante Pizzeria by Vieux Valais<\/strong><br data-start=\"169\" data-end=\"172\" \/>Exploit\u00e9 par : Marl\u00f2 Gastro GmbH<br data-start=\"204\" data-end=\"207\" \/>Hofmattstrasse 16<br data-start=\"224\" data-end=\"227\" \/>3920 Zermatt<br data-start=\"239\" data-end=\"242\" \/>Suisse<\/p>\n<p data-start=\"251\" data-end=\"402\">T\u00e9l\u00e9phone : +41 967 20 95<br data-start=\"273\" data-end=\"276\" \/>Courriel : <a class=\"cursor-pointer\" rel=\"noopener\" data-start=\"284\" data-end=\"337\">info@marlo-zermatt.ch<\/a><br data-start=\"337\" data-end=\"340\" \/>Site internet : <a class=\"\" href=\"https:\/\/www.marlo-zermatt.ch\" target=\"_new\" rel=\"noopener\" data-start=\"350\" data-end=\"402\">www.marlo-zermatt.ch<\/a><\/p>\n<p data-start=\"404\" data-end=\"537\">Num\u00e9ro d&rsquo;identification des entreprises : CHE-191.443.998<br data-start=\"424\" data-end=\"427\" \/>Registre du commerce : Registre du commerce du canton du Valais<br data-start=\"478\" data-end=\"481\" \/>Forme juridique : Soci\u00e9t\u00e9 \u00e0 responsabilit\u00e9 limit\u00e9e (SARL)<\/p>\n<\/div><\/div><\/div><div class=\"fusion-layout-column fusion_builder_column fusion-builder-column-1 fusion_builder_column_1_2 1_2 fusion-flex-column\" style=\"--awb-bg-size:cover;--awb-width-large:50%;--awb-margin-top-large:0px;--awb-spacing-right-large:3.84%;--awb-margin-bottom-large:8%;--awb-spacing-left-large:3.84%;--awb-width-medium:100%;--awb-order-medium:0;--awb-spacing-right-medium:1.92%;--awb-spacing-left-medium:1.92%;--awb-width-small:100%;--awb-order-small:0;--awb-spacing-right-small:1.92%;--awb-spacing-left-small:1.92%;\"><div class=\"fusion-column-wrapper fusion-column-has-shadow fusion-flex-justify-content-flex-start fusion-content-layout-column\"><\/div><\/div><\/div><\/div>\n","protected":false},"excerpt":{"rendered":"","protected":false},"author":1,"featured_media":0,"parent":0,"menu_order":0,"comment_status":"closed","ping_status":"closed","template":"","meta":{"_acf_changed":false,"footnotes":""},"class_list":["post-4569","page","type-page","status-publish","hentry"],"acf":[],"_links":{"self":[{"href":"https:\/\/marlo-zermatt.ch\/fr\/wp-json\/wp\/v2\/pages\/4569","targetHints":{"allow":["GET"]}}],"collection":[{"href":"https:\/\/marlo-zermatt.ch\/fr\/wp-json\/wp\/v2\/pages"}],"about":[{"href":"https:\/\/marlo-zermatt.ch\/fr\/wp-json\/wp\/v2\/types\/page"}],"author":[{"embeddable":true,"href":"https:\/\/marlo-zermatt.ch\/fr\/wp-json\/wp\/v2\/users\/1"}],"replies":[{"embeddable":true,"href":"https:\/\/marlo-zermatt.ch\/fr\/wp-json\/wp\/v2\/comments?post=4569"}],"version-history":[{"count":0,"href":"https:\/\/marlo-zermatt.ch\/fr\/wp-json\/wp\/v2\/pages\/4569\/revisions"}],"wp:attachment":[{"href":"https:\/\/marlo-zermatt.ch\/fr\/wp-json\/wp\/v2\/media?parent=4569"}],"curies":[{"name":"wp","href":"https:\/\/api.w.org\/{rel}","templated":true}]}}